{"id":6,"date":"2021-06-11T12:11:46","date_gmt":"2021-06-11T12:11:46","guid":{"rendered":"https:\/\/dj-christiangeuder.de\/?page_id=6"},"modified":"2021-06-11T13:09:46","modified_gmt":"2021-06-11T13:09:46","slug":"ueber-mich","status":"publish","type":"page","link":"https:\/\/dj-christiangeuder.de\/?page_id=6","title":{"rendered":"\u00dcber mich"},"content":{"rendered":"\t\t<div data-elementor-type=\"wp-page\" data-elementor-id=\"6\" class=\"elementor elementor-6\">\n\t\t\t\t\t\t<section class=\"elementor-section elementor-top-section elementor-element elementor-element-243347e elementor-section-boxed elementor-section-height-default elementor-section-height-default\" data-id=\"243347e\" data-element_type=\"section\" data-e-type=\"section\">\n\t\t\t\t\t\t<div class=\"elementor-container elementor-column-gap-default\">\n\t\t\t\t\t<div class=\"elementor-column elementor-col-100 elementor-top-column elementor-element elementor-element-34801ab9\" data-id=\"34801ab9\" data-element_type=\"column\" data-e-type=\"column\">\n\t\t\t<div class=\"elementor-widget-wrap elementor-element-populated\">\n\t\t\t\t\t\t<section class=\"elementor-section elementor-inner-section elementor-element elementor-element-6cb97b5 elementor-section-boxed elementor-section-height-default elementor-section-height-default\" data-id=\"6cb97b5\" data-element_type=\"section\" data-e-type=\"section\">\n\t\t\t\t\t\t<div class=\"elementor-container elementor-column-gap-default\">\n\t\t\t\t\t<div class=\"elementor-column elementor-col-50 elementor-inner-column elementor-element elementor-element-d776da9\" data-id=\"d776da9\" data-element_type=\"column\" data-e-type=\"column\">\n\t\t\t<div class=\"elementor-widget-wrap elementor-element-populated\">\n\t\t\t\t\t\t<div class=\"elementor-element elementor-element-1306804 elementor-widget elementor-widget-image\" data-id=\"1306804\" data-element_type=\"widget\" data-e-type=\"widget\" data-widget_type=\"image.default\">\n\t\t\t\t<div class=\"elementor-widget-container\">\n\t\t\t\t\t\t\t\t\t\t\t\t\t\t\t<img fetchpriority=\"high\" decoding=\"async\" width=\"768\" height=\"1024\" src=\"https:\/\/dj-christiangeuder.de\/wp-content\/uploads\/2021\/06\/Profilbild-dj-768x1024.jpeg\" class=\"attachment-large size-large wp-image-37\" alt=\"\" srcset=\"https:\/\/dj-christiangeuder.de\/wp-content\/uploads\/2021\/06\/Profilbild-dj-768x1024.jpeg 768w, https:\/\/dj-christiangeuder.de\/wp-content\/uploads\/2021\/06\/Profilbild-dj-225x300.jpeg 225w, https:\/\/dj-christiangeuder.de\/wp-content\/uploads\/2021\/06\/Profilbild-dj-1152x1536.jpeg 1152w, https:\/\/dj-christiangeuder.de\/wp-content\/uploads\/2021\/06\/Profilbild-dj-1536x2048.jpeg 1536w, https:\/\/dj-christiangeuder.de\/wp-content\/uploads\/2021\/06\/Profilbild-dj-scaled.jpeg 1920w\" sizes=\"(max-width: 768px) 100vw, 768px\" \/>\t\t\t\t\t\t\t\t\t\t\t\t\t\t\t<\/div>\n\t\t\t\t<\/div>\n\t\t\t\t\t<\/div>\n\t\t<\/div>\n\t\t\t\t<div class=\"elementor-column elementor-col-50 elementor-inner-column elementor-element elementor-element-3aafb66\" data-id=\"3aafb66\" data-element_type=\"column\" data-e-type=\"column\">\n\t\t\t<div class=\"elementor-widget-wrap elementor-element-populated\">\n\t\t\t\t\t\t<div class=\"elementor-element elementor-element-57122be elementor-widget elementor-widget-text-editor\" data-id=\"57122be\" data-element_type=\"widget\" data-e-type=\"widget\" data-widget_type=\"text-editor.default\">\n\t\t\t\t<div class=\"elementor-widget-container\">\n\t\t\t\t\t\t\t\t\t<p>Hallo,<\/p><p>mein Name ist Christian, Gesch\u00e4ftsf\u00fchrer von DJ Christian Geuder und meine Aufgabe ist es, als DJ f\u00fcr volle Tanzfl\u00e4chen auf Hochzeiten, Events und Geburtstagsfeiern zu sorgen.<\/p><p>Ich bin DJ &amp; Producer. Geboren in Feuchtwangen und mit 7 Jahren nach N\u00fcrnberg gezogen, kenne ich sowohl das Land- als auch das Stadtleben.<\/p><p>Mit dem DJing habe ich eines meiner Hobbys zum Nebenberuf gemacht. Seitdem unterst\u00fctze ich Brautpaare an ihrem wohl gr\u00f6\u00dften Tag mit einzigartigen Partys und hochwertigem Equipment.<\/p><p>Dabei lege ich gr\u00f6\u00dften Wert auf gute Qualit\u00e4t und erschaffe mit der besonderen F\u00e4higkeit, den richtigen Titel im richtigen Moment zu spielen, unvergessliche Partys, von denen man noch lange Zeit danach schw\u00e4rmt.<\/p><p>Mit meiner Erfahrung helfe ich Brautpaaren Ihre Hochzeitsfeier musikalisch so zu gestalten, dass sie sich mit Freunden &amp; Familie wohl f\u00fchlen und diesen Tag noch lange positiv in Erinnerung behalten.<\/p><p>Ich liebe die Abwechslung an einer guten Party. Mal wird es romantisch \u2013 mal cool \u2013 mal geht es partym\u00e4\u00dfig richtig ab.<\/p>\t\t\t\t\t\t\t\t<\/div>\n\t\t\t\t<\/div>\n\t\t\t\t\t<\/div>\n\t\t<\/div>\n\t\t\t\t\t<\/div>\n\t\t<\/section>\n\t\t\t\t\t<\/div>\n\t\t<\/div>\n\t\t\t\t\t<\/div>\n\t\t<\/section>\n\t\t\t\t<\/div>\n\t\t","protected":false},"excerpt":{"rendered":"<p>Hallo, mein Name ist Christian, Gesch\u00e4ftsf\u00fchrer von DJ Christian Geuder und meine Aufgabe ist es, als DJ f\u00fcr volle Tanzfl\u00e4chen auf Hochzeiten, Events und Geburtstagsfeiern zu sorgen. Ich bin DJ &amp; Producer. Geboren in Feuchtwangen&hellip; <\/p>\n<p><a class=\"more-link\" href=\"https:\/\/dj-christiangeuder.de\/?page_id=6\">\u00dcber mich weiterlesen<\/a><\/p>\n","protected":false},"author":1,"featured_media":0,"parent":0,"menu_order":0,"comment_status":"closed","ping_status":"closed","template":"","meta":{"footnotes":""},"class_list":["post-6","page","type-page","status-publish","hentry"],"aioseo_notices":[],"_links":{"self":[{"href":"https:\/\/dj-christiangeuder.de\/index.php?rest_route=\/wp\/v2\/pages\/6","targetHints":{"allow":["GET"]}}],"collection":[{"href":"https:\/\/dj-christiangeuder.de\/index.php?rest_route=\/wp\/v2\/pages"}],"about":[{"href":"https:\/\/dj-christiangeuder.de\/index.php?rest_route=\/wp\/v2\/types\/page"}],"author":[{"embeddable":true,"href":"https:\/\/dj-christiangeuder.de\/index.php?rest_route=\/wp\/v2\/users\/1"}],"replies":[{"embeddable":true,"href":"https:\/\/dj-christiangeuder.de\/index.php?rest_route=%2Fwp%2Fv2%2Fcomments&post=6"}],"version-history":[{"count":13,"href":"https:\/\/dj-christiangeuder.de\/index.php?rest_route=\/wp\/v2\/pages\/6\/revisions"}],"predecessor-version":[{"id":79,"href":"https:\/\/dj-christiangeuder.de\/index.php?rest_route=\/wp\/v2\/pages\/6\/revisions\/79"}],"wp:attachment":[{"href":"https:\/\/dj-christiangeuder.de\/index.php?rest_route=%2Fwp%2Fv2%2Fmedia&parent=6"}],"curies":[{"name":"wp","href":"https:\/\/api.w.org\/{rel}","templated":true}]}}