{"id":19,"date":"2021-06-11T12:05:36","date_gmt":"2021-06-11T12:05:36","guid":{"rendered":"https:\/\/dj-christiangeuder.de\/?page_id=19"},"modified":"2025-03-10T09:18:00","modified_gmt":"2025-03-10T09:18:00","slug":"home","status":"publish","type":"page","link":"https:\/\/dj-christiangeuder.de\/","title":{"rendered":"Home"},"content":{"rendered":"\t\t<div data-elementor-type=\"wp-page\" data-elementor-id=\"19\" class=\"elementor elementor-19\">\n\t\t\t\t\t\t<section class=\"elementor-section elementor-top-section elementor-element elementor-element-7dd81ed0 elementor-section-boxed elementor-section-height-default elementor-section-height-default\" data-id=\"7dd81ed0\" data-element_type=\"section\" data-e-type=\"section\">\n\t\t\t\t\t\t<div class=\"elementor-container elementor-column-gap-default\">\n\t\t\t\t\t<div class=\"elementor-column elementor-col-100 elementor-top-column elementor-element elementor-element-7b3ba249\" data-id=\"7b3ba249\" data-element_type=\"column\" data-e-type=\"column\">\n\t\t\t<div class=\"elementor-widget-wrap elementor-element-populated\">\n\t\t\t\t\t\t<div class=\"elementor-element elementor-element-a1f93c1 elementor-widget elementor-widget-text-editor\" data-id=\"a1f93c1\" data-element_type=\"widget\" data-e-type=\"widget\" data-widget_type=\"text-editor.default\">\n\t\t\t\t<div class=\"elementor-widget-container\">\n\t\t\t\t\t\t\t\t\t<p>Herzlich Willkommen auf der offiziellen Homepage von DJ Christian Geuder, Ihr Profi DJ im Raum Ingolstadt, Eichst\u00e4tt, Wei\u00dfenburg, N\u00fcrnberg, F\u00fcrth, Erlangen und Umgebung.<\/p>\n<p>F\u00fcr folgende Events stehe ich Ihnen zur Verf\u00fcgung:<\/p>\n<p>Hochzeiten<br>\nFirmenevents<br>\nGeburtstagsfeiern<\/p>\n<p>Das k\u00f6nnen Sie von mir erwarten:<\/p>\n<p>High End Equipment<br>\nhochwertige Ton- und Lichttechnik<br>\nh\u00f6chste Professionalit\u00e4t und Zuverl\u00e4ssigkeit<br>\nBer\u00fccksichtigung von Musik-W\u00fcnschen<\/p>\t\t\t\t\t\t\t\t<\/div>\n\t\t\t\t<\/div>\n\t\t\t\t\t<\/div>\n\t\t<\/div>\n\t\t\t\t\t<\/div>\n\t\t<\/section>\n\t\t\t\t<\/div>\n\t\t","protected":false},"excerpt":{"rendered":"<p>Herzlich Willkommen auf der offiziellen Homepage von DJ Christian Geuder, Ihr Profi DJ im Raum Ingolstadt, Eichst\u00e4tt, Wei\u00dfenburg, N\u00fcrnberg, F\u00fcrth, Erlangen und Umgebung. F\u00fcr folgende Events stehe ich Ihnen zur Verf\u00fcgung: Hochzeiten Firmenevents Geburtstagsfeiern Das&hellip; <\/p>\n<p><a class=\"more-link\" href=\"https:\/\/dj-christiangeuder.de\/\">Home weiterlesen<\/a><\/p>\n","protected":false},"author":1,"featured_media":0,"parent":0,"menu_order":0,"comment_status":"closed","ping_status":"closed","template":"","meta":{"footnotes":""},"class_list":["post-19","page","type-page","status-publish","hentry"],"aioseo_notices":[],"_links":{"self":[{"href":"https:\/\/dj-christiangeuder.de\/index.php?rest_route=\/wp\/v2\/pages\/19","targetHints":{"allow":["GET"]}}],"collection":[{"href":"https:\/\/dj-christiangeuder.de\/index.php?rest_route=\/wp\/v2\/pages"}],"about":[{"href":"https:\/\/dj-christiangeuder.de\/index.php?rest_route=\/wp\/v2\/types\/page"}],"author":[{"embeddable":true,"href":"https:\/\/dj-christiangeuder.de\/index.php?rest_route=\/wp\/v2\/users\/1"}],"replies":[{"embeddable":true,"href":"https:\/\/dj-christiangeuder.de\/index.php?rest_route=%2Fwp%2Fv2%2Fcomments&post=19"}],"version-history":[{"count":5,"href":"https:\/\/dj-christiangeuder.de\/index.php?rest_route=\/wp\/v2\/pages\/19\/revisions"}],"predecessor-version":[{"id":429,"href":"https:\/\/dj-christiangeuder.de\/index.php?rest_route=\/wp\/v2\/pages\/19\/revisions\/429"}],"wp:attachment":[{"href":"https:\/\/dj-christiangeuder.de\/index.php?rest_route=%2Fwp%2Fv2%2Fmedia&parent=19"}],"curies":[{"name":"wp","href":"https:\/\/api.w.org\/{rel}","templated":true}]}}